{"id":1263,"date":"2023-12-30T01:41:16","date_gmt":"2023-12-30T01:41:16","guid":{"rendered":"https:\/\/cesportitalia.com\/?page_id=1263"},"modified":"2023-12-30T01:46:40","modified_gmt":"2023-12-30T01:46:40","slug":"allenamenti","status":"publish","type":"page","link":"https:\/\/cesportitalia.com\/index.php\/allenamenti\/","title":{"rendered":"ALLENAMENTI"},"content":{"rendered":"\t\t<div data-elementor-type=\"wp-page\" data-elementor-id=\"1263\" class=\"elementor elementor-1263\" data-elementor-post-type=\"page\">\n\t\t\t\t<div class=\"elementor-element elementor-element-d0f5b24 e-flex e-con-boxed e-con e-parent\" data-id=\"d0f5b24\" data-element_type=\"container\" data-e-type=\"container\" data-settings=\"{&quot;background_background&quot;:&quot;classic&quot;}\">\n\t\t\t\t\t<div class=\"e-con-inner\">\n\t\t\t\t<div class=\"elementor-element elementor-element-4711708 elementor-widget elementor-widget-text-editor\" data-id=\"4711708\" data-element_type=\"widget\" data-e-type=\"widget\" data-widget_type=\"text-editor.default\">\n\t\t\t\t<div class=\"elementor-widget-container\">\n\t\t\t\t\t\t\t\t\t<div class=\"td-main-content-wrap td-container-wrap\"><div class=\"td-container tdc-content-wrap \"><div class=\"td-pb-row\"><div class=\"td-pb-span12 td-main-content\" role=\"main\"><div class=\"td-page-content tagdiv-type\"><h1>Allenamenti Pallanuoto<\/h1><p>Gli allenamenti di pallanuoto saranno svolti in palestra con esercizi di potenziamento fisico con preparatori atletici qualificati e in piscina con allenatori tesserati\u00a0<a href=\"https:\/\/www.federnuoto.it\/\">FIN<\/a>\u00a0Federazione Italiana Nuoto.<\/p><h2>I Gruppi di Atleti<\/h2><p>I gruppi di atleti saranno seguiti da allenatori professionisti. Saranno svolti programmi differenti per ogni categoria andando a curare e migliorare sia la tecnica del nuoto che quella con la palla oltre alla preparazione a secco.<\/p><h2>Le Strutture per gli Allenamenti<\/h2><p>Gli Allenamenti che verranno eseguiti dall\u2019associazione sportiva dilettantistica di pallanuoto CESPORT Italia verranno svolti durante l\u2019inverno nelle due piscine dislocate nelle seguenti strutture:<\/p><h3>Piscina Scandone di Napoli<\/h3><p>Categorie: Under 15, Under 16, Under 18 e Under 20<br \/>Luned\u00ec, Mercoled\u00ec e Gioved\u00ec dalle 18.45 alle 20.30<\/p><h3>Piscina Nestore a Chiaiano Napoli<\/h3><p>Marted\u00ec e Venerd\u00ec dalle 20.00 alle 21.30 presso Centro Sportivo Nestore a Chiaiano di Napoli<\/p><p>GLI ORARI SONO SUSCETTIBILI DI VARIAZIONE IN QUALUNQUE MOMENTO.<\/p><\/div><\/div><\/div><\/div><\/div><div class=\"td-footer-wrapper td-footer-container td-container-wrap td-footer-template-4 \"><div class=\"td-container\"><div class=\"td-pb-row\">\u00a0<\/div><\/div><\/div>\t\t\t\t\t\t\t\t<\/div>\n\t\t\t\t<\/div>\n\t\t\t\t\t<\/div>\n\t\t\t\t<\/div>\n\t\t\t\t<\/div>\n\t\t","protected":false},"excerpt":{"rendered":"<p>Allenamenti Pallanuoto Gli allenamenti di pallanuoto saranno svolti in palestra con esercizi di potenziamento fisico con preparatori atletici qualificati e in piscina con allenatori tesserati\u00a0FIN\u00a0Federazione Italiana Nuoto. I Gruppi di Atleti I gruppi di atleti saranno seguiti da allenatori professionisti. Saranno svolti programmi differenti per ogni categoria andando a curare e migliorare sia la tecnica [&hellip;]<\/p>\n","protected":false},"author":1,"featured_media":0,"parent":0,"menu_order":0,"comment_status":"closed","ping_status":"closed","template":"","meta":{"site-sidebar-layout":"no-sidebar","site-content-layout":"page-builder","ast-site-content-layout":"full-width-container","site-content-style":"default","site-sidebar-style":"default","ast-global-header-display":"","ast-banner-title-visibility":"","ast-main-header-display":"","ast-hfb-above-header-display":"","ast-hfb-below-header-display":"","ast-hfb-mobile-header-display":"","site-post-title":"disabled","ast-breadcrumbs-content":"","ast-featured-img":"disabled","footer-sml-layout":"","ast-disable-related-posts":"","theme-transparent-header-meta":"","adv-header-id-meta":"","stick-header-meta":"","header-above-stick-meta":"","header-main-stick-meta":"","header-below-stick-meta":"","astra-migrate-meta-layouts":"set","ast-page-background-enabled":"default","ast-page-background-meta":{"desktop":{"background-color":"","background-image":"","background-repeat":"repeat","background-position":"center center","background-size":"auto","background-attachment":"scroll","background-type":"","background-media":"","overlay-type":"","overlay-color":"","overlay-opacity":"","overlay-gradient":""},"tablet":{"background-color":"","background-image":"","background-repeat":"repeat","background-position":"center center","background-size":"auto","background-attachment":"scroll","background-type":"","background-media":"","overlay-type":"","overlay-color":"","overlay-opacity":"","overlay-gradient":""},"mobile":{"background-color":"","background-image":"","background-repeat":"repeat","background-position":"center center","background-size":"auto","background-attachment":"scroll","background-type":"","background-media":"","overlay-type":"","overlay-color":"","overlay-opacity":"","overlay-gradient":""}},"ast-content-background-meta":{"desktop":{"background-color":"var(--ast-global-color-5)","background-image":"","background-repeat":"repeat","background-position":"center center","background-size":"auto","background-attachment":"scroll","background-type":"","background-media":"","overlay-type":"","overlay-color":"","overlay-opacity":"","overlay-gradient":""},"tablet":{"background-color":"var(--ast-global-color-5)","background-image":"","background-repeat":"repeat","background-position":"center center","background-size":"auto","background-attachment":"scroll","background-type":"","background-media":"","overlay-type":"","overlay-color":"","overlay-opacity":"","overlay-gradient":""},"mobile":{"background-color":"var(--ast-global-color-5)","background-image":"","background-repeat":"repeat","background-position":"center center","background-size":"auto","background-attachment":"scroll","background-type":"","background-media":"","overlay-type":"","overlay-color":"","overlay-opacity":"","overlay-gradient":""}},"footnotes":""},"class_list":["post-1263","page","type-page","status-publish","hentry"],"_links":{"self":[{"href":"https:\/\/cesportitalia.com\/index.php\/wp-json\/wp\/v2\/pages\/1263","targetHints":{"allow":["GET"]}}],"collection":[{"href":"https:\/\/cesportitalia.com\/index.php\/wp-json\/wp\/v2\/pages"}],"about":[{"href":"https:\/\/cesportitalia.com\/index.php\/wp-json\/wp\/v2\/types\/page"}],"author":[{"embeddable":true,"href":"https:\/\/cesportitalia.com\/index.php\/wp-json\/wp\/v2\/users\/1"}],"replies":[{"embeddable":true,"href":"https:\/\/cesportitalia.com\/index.php\/wp-json\/wp\/v2\/comments?post=1263"}],"version-history":[{"count":4,"href":"https:\/\/cesportitalia.com\/index.php\/wp-json\/wp\/v2\/pages\/1263\/revisions"}],"predecessor-version":[{"id":1267,"href":"https:\/\/cesportitalia.com\/index.php\/wp-json\/wp\/v2\/pages\/1263\/revisions\/1267"}],"wp:attachment":[{"href":"https:\/\/cesportitalia.com\/index.php\/wp-json\/wp\/v2\/media?parent=1263"}],"curies":[{"name":"wp","href":"https:\/\/api.w.org\/{rel}","templated":true}]}}